{"id":668,"date":"2017-02-13T15:27:42","date_gmt":"2017-02-13T13:27:42","guid":{"rendered":"https:\/\/lucky4.ee\/kontakt\/"},"modified":"2020-08-07T14:54:29","modified_gmt":"2020-08-07T11:54:29","slug":"kontakt","status":"publish","type":"page","link":"https:\/\/lucky4.ee\/en\/kontakt\/","title":{"rendered":"Contact"},"content":{"rendered":"<div class=\"col-xs-12 col-md-6 kontakt-form-wrapper clearfix\">\n<div class=\"kontakt-form\">\n<div class=\"wpcf7 no-js\" id=\"wpcf7-f101-o1\" lang=\"et\" dir=\"ltr\" data-wpcf7-id=\"101\">\n<div class=\"screen-reader-response\"><p role=\"status\" aria-live=\"polite\" aria-atomic=\"true\"><\/p> <ul><\/ul><\/div>\n<form action=\"\/en\/wp-json\/wp\/v2\/pages\/668#wpcf7-f101-o1\" method=\"post\" class=\"wpcf7-form init\" aria-label=\"Contact form\" novalidate=\"novalidate\" data-status=\"init\">\n<fieldset class=\"hidden-fields-container\"><input type=\"hidden\" name=\"_wpcf7\" value=\"101\" \/><input type=\"hidden\" name=\"_wpcf7_version\" value=\"6.1.5\" \/><input type=\"hidden\" name=\"_wpcf7_locale\" value=\"et\" \/><input type=\"hidden\" name=\"_wpcf7_unit_tag\" value=\"wpcf7-f101-o1\" \/><input type=\"hidden\" name=\"_wpcf7_container_post\" value=\"0\" \/><input type=\"hidden\" name=\"_wpcf7_posted_data_hash\" value=\"\" \/>\n<\/fieldset>\n<p><label> Nimi (n\u00f5utav)<br \/>\n<span class=\"wpcf7-form-control-wrap\" data-name=\"your-name\"><input size=\"40\" maxlength=\"400\" class=\"wpcf7-form-control wpcf7-text wpcf7-validates-as-required\" aria-required=\"true\" aria-invalid=\"false\" value=\"\" type=\"text\" name=\"your-name\" \/><\/span> <\/label>\n<\/p>\n<p><label> Email (n\u00f5utav)<br \/>\n<span class=\"wpcf7-form-control-wrap\" data-name=\"your-email\"><input size=\"40\" maxlength=\"400\" class=\"wpcf7-form-control wpcf7-email wpcf7-validates-as-required wpcf7-text wpcf7-validates-as-email\" aria-required=\"true\" aria-invalid=\"false\" value=\"\" type=\"email\" name=\"your-email\" \/><\/span> <\/label>\n<\/p>\n<p><label> Teema<br \/>\n<span class=\"wpcf7-form-control-wrap\" data-name=\"your-subject\"><input size=\"40\" maxlength=\"400\" class=\"wpcf7-form-control wpcf7-text\" aria-invalid=\"false\" value=\"\" type=\"text\" name=\"your-subject\" \/><\/span> <\/label>\n<\/p>\n<p><label> Teade<br \/>\n<span class=\"wpcf7-form-control-wrap\" data-name=\"your-message\"><textarea cols=\"40\" rows=\"10\" maxlength=\"2000\" class=\"wpcf7-form-control wpcf7-textarea\" aria-invalid=\"false\" name=\"your-message\"><\/textarea><\/span> <\/label>\n<\/p>\n<p><input class=\"wpcf7-form-control wpcf7-submit has-spinner\" type=\"submit\" value=\"Saada\" \/>\n<\/p><div class=\"wpcf7-response-output\" aria-hidden=\"true\"><\/div>\n<\/form>\n<\/div>\n<\/div>\n<\/div>\n<div class=\"col-xs-12 col-md-12 col-lg-6\">\n<div class=\"parem_tekst\">\n<h3 style=\"margin-top: 10px; font-size: 24px;\">M\u00dc\u00dcGIINFO<\/h3>\n<p>&#8211; korteriomandi notariaalse v\u00f5la\u00f5igusliku m\u00fc\u00fcgilepingu (omandi \u00fcleandmiseta) s\u00f5lmimisel maksab ostja 10% korteriomandi ostuhinnast;<br \/>\n&#8211; p\u00e4rast korteriomandi valmimist korteriomandi omandi \u00fcleandmiseks asja\u00f5iguslepingu s\u00f5lmimisel maksab ostja \u00fclej\u00e4\u00e4nud ostuhinna ning v\u00f5tab vastu korteriomandi otsese valduse;<br \/>\n&#8211; kinnistu jagamisel korteriomanditeks asutatakse elamu \u00fchiseks majandamiseks korteri\u00fchistu;<br \/>\n&#8211; elamu ehitust\u00f6\u00f6de l\u00f5ppt\u00e4htaeg on 01.07.2017.a.;<br \/>\n&#8211; lepingu s\u00f5lmimise kulud (notaritasu, riigil\u00f5iv) maksab ostja;<br \/>\n&#8211; m\u00fc\u00fcgihind ei sisalda liitumist telefoni\/andmeside, kaabeltelevisiooniv\u00f5rgu ja valvesignalisatsiooniga;<\/p>\n<h3 style=\"font-size: 24px;\">KINDLUSTUS, GARANTIID<\/h3>\n<p>&#8211; hoonele kehtib 2 aastat p\u00e4rast kasutusloa saamist ehitise garantii selle sihip\u00e4rase kasutamise ja hooldamise korral.<br \/>\n&#8211; hoone ehitust\u00f6\u00f6d on kaetud CAR-kindlustusega, kehtiv kindlustusleping on ka garantiiajal vajadusel tehtavatele garantiid t\u00f6\u00f6dele.<\/p>\n<\/div>\n<\/div>\n","protected":false},"excerpt":{"rendered":"<p>M\u00dc\u00dcGIINFO &#8211; korteriomandi notariaalse v\u00f5la\u00f5igusliku m\u00fc\u00fcgilepingu (omandi \u00fcleandmiseta) s\u00f5lmimisel maksab ostja 10% korteriomandi ostuhinnast; &#8211; p\u00e4rast korteriomandi valmimist korteriomandi omandi \u00fcleandmiseks asja\u00f5iguslepingu s\u00f5lmimisel maksab ostja \u00fclej\u00e4\u00e4nud ostuhinna ning v\u00f5tab vastu korteriomandi otsese valduse; &#8211; kinnistu jagamisel korteriomanditeks asutatakse elamu \u00fchiseks majandamiseks korteri\u00fchistu; &#8211; elamu ehitust\u00f6\u00f6de l\u00f5ppt\u00e4htaeg on 01.07.2017.a.; &#8211; lepingu s\u00f5lmimise kulud (notaritasu, riigil\u00f5iv) maksab [&hellip;]<\/p>\n","protected":false},"author":8,"featured_media":0,"parent":0,"menu_order":0,"comment_status":"closed","ping_status":"closed","template":"templates\/template-contact.php","meta":{"_acf_changed":false,"footnotes":""},"class_list":["post-668","page","type-page","status-publish","hentry"],"acf":[],"yoast_head":"<!-- This site is optimized with the Yoast SEO plugin v27.2 - https:\/\/yoast.com\/product\/yoast-seo-wordpress\/ -->\n<title>Contact - Lucky 4 \u00e4rikvartal<\/title>\n<meta name=\"robots\" content=\"index, follow, max-snippet:-1, max-image-preview:large, max-video-preview:-1\" \/>\n<link rel=\"canonical\" href=\"https:\/\/lucky4.ee\/en\/kontakt\/\" \/>\n<meta property=\"og:locale\" content=\"en_US\" \/>\n<meta property=\"og:type\" content=\"article\" \/>\n<meta property=\"og:title\" content=\"Contact - Lucky 4 \u00e4rikvartal\" \/>\n<meta property=\"og:description\" content=\"M\u00dc\u00dcGIINFO &#8211; korteriomandi notariaalse v\u00f5la\u00f5igusliku m\u00fc\u00fcgilepingu (omandi \u00fcleandmiseta) s\u00f5lmimisel maksab ostja 10% korteriomandi ostuhinnast; &#8211; p\u00e4rast korteriomandi valmimist korteriomandi omandi \u00fcleandmiseks asja\u00f5iguslepingu s\u00f5lmimisel maksab ostja \u00fclej\u00e4\u00e4nud ostuhinna ning v\u00f5tab vastu korteriomandi otsese valduse; &#8211; kinnistu jagamisel korteriomanditeks asutatakse elamu \u00fchiseks majandamiseks korteri\u00fchistu; &#8211; elamu ehitust\u00f6\u00f6de l\u00f5ppt\u00e4htaeg on 01.07.2017.a.; &#8211; lepingu s\u00f5lmimise kulud (notaritasu, riigil\u00f5iv) maksab [&hellip;]\" \/>\n<meta property=\"og:url\" content=\"https:\/\/lucky4.ee\/en\/kontakt\/\" \/>\n<meta property=\"og:site_name\" content=\"Lucky 4 \u00e4rikvartal\" \/>\n<meta property=\"article:modified_time\" content=\"2020-08-07T11:54:29+00:00\" \/>\n<meta name=\"twitter:card\" content=\"summary_large_image\" \/>\n<meta name=\"twitter:label1\" content=\"Est. reading time\" \/>\n\t<meta name=\"twitter:data1\" content=\"1 minute\" \/>\n<script type=\"application\/ld+json\" class=\"yoast-schema-graph\">{\"@context\":\"https:\/\/schema.org\",\"@graph\":[{\"@type\":\"WebPage\",\"@id\":\"https:\/\/lucky4.ee\/en\/kontakt\/\",\"url\":\"https:\/\/lucky4.ee\/en\/kontakt\/\",\"name\":\"Contact - Lucky 4 \u00e4rikvartal\",\"isPartOf\":{\"@id\":\"https:\/\/lucky4.ee\/en\/#website\"},\"datePublished\":\"2017-02-13T13:27:42+00:00\",\"dateModified\":\"2020-08-07T11:54:29+00:00\",\"breadcrumb\":{\"@id\":\"https:\/\/lucky4.ee\/en\/kontakt\/#breadcrumb\"},\"inLanguage\":\"en-US\",\"potentialAction\":[{\"@type\":\"ReadAction\",\"target\":[\"https:\/\/lucky4.ee\/en\/kontakt\/\"]}]},{\"@type\":\"BreadcrumbList\",\"@id\":\"https:\/\/lucky4.ee\/en\/kontakt\/#breadcrumb\",\"itemListElement\":[{\"@type\":\"ListItem\",\"position\":1,\"name\":\"Home\",\"item\":\"https:\/\/www.lucky4.ee\/en\/\"},{\"@type\":\"ListItem\",\"position\":2,\"name\":\"Contact\"}]},{\"@type\":\"WebSite\",\"@id\":\"https:\/\/lucky4.ee\/en\/#website\",\"url\":\"https:\/\/lucky4.ee\/en\/\",\"name\":\"Lucky 4 \u00e4rikvartal\",\"description\":\"Ehitus on alanud!\",\"publisher\":{\"@id\":\"https:\/\/lucky4.ee\/en\/#organization\"},\"potentialAction\":[{\"@type\":\"SearchAction\",\"target\":{\"@type\":\"EntryPoint\",\"urlTemplate\":\"https:\/\/lucky4.ee\/en\/?s={search_term_string}\"},\"query-input\":{\"@type\":\"PropertyValueSpecification\",\"valueRequired\":true,\"valueName\":\"search_term_string\"}}],\"inLanguage\":\"en-US\"},{\"@type\":\"Organization\",\"@id\":\"https:\/\/lucky4.ee\/en\/#organization\",\"name\":\"Lucky 4 \u00e4rikvartal\",\"url\":\"https:\/\/lucky4.ee\/en\/\",\"logo\":{\"@type\":\"ImageObject\",\"inLanguage\":\"en-US\",\"@id\":\"https:\/\/lucky4.ee\/en\/#\/schema\/logo\/image\/\",\"url\":\"https:\/\/lucky4.ee\/wp-content\/uploads\/2020\/02\/logo.png\",\"contentUrl\":\"https:\/\/lucky4.ee\/wp-content\/uploads\/2020\/02\/logo.png\",\"width\":2127,\"height\":759,\"caption\":\"Lucky 4 \u00e4rikvartal\"},\"image\":{\"@id\":\"https:\/\/lucky4.ee\/en\/#\/schema\/logo\/image\/\"}}]}<\/script>\n<!-- \/ Yoast SEO plugin. -->","yoast_head_json":{"title":"Contact - Lucky 4 \u00e4rikvartal","robots":{"index":"index","follow":"follow","max-snippet":"max-snippet:-1","max-image-preview":"max-image-preview:large","max-video-preview":"max-video-preview:-1"},"canonical":"https:\/\/lucky4.ee\/en\/kontakt\/","og_locale":"en_US","og_type":"article","og_title":"Contact - Lucky 4 \u00e4rikvartal","og_description":"M\u00dc\u00dcGIINFO &#8211; korteriomandi notariaalse v\u00f5la\u00f5igusliku m\u00fc\u00fcgilepingu (omandi \u00fcleandmiseta) s\u00f5lmimisel maksab ostja 10% korteriomandi ostuhinnast; &#8211; p\u00e4rast korteriomandi valmimist korteriomandi omandi \u00fcleandmiseks asja\u00f5iguslepingu s\u00f5lmimisel maksab ostja \u00fclej\u00e4\u00e4nud ostuhinna ning v\u00f5tab vastu korteriomandi otsese valduse; &#8211; kinnistu jagamisel korteriomanditeks asutatakse elamu \u00fchiseks majandamiseks korteri\u00fchistu; &#8211; elamu ehitust\u00f6\u00f6de l\u00f5ppt\u00e4htaeg on 01.07.2017.a.; &#8211; lepingu s\u00f5lmimise kulud (notaritasu, riigil\u00f5iv) maksab [&hellip;]","og_url":"https:\/\/lucky4.ee\/en\/kontakt\/","og_site_name":"Lucky 4 \u00e4rikvartal","article_modified_time":"2020-08-07T11:54:29+00:00","twitter_card":"summary_large_image","twitter_misc":{"Est. reading time":"1 minute"},"schema":{"@context":"https:\/\/schema.org","@graph":[{"@type":"WebPage","@id":"https:\/\/lucky4.ee\/en\/kontakt\/","url":"https:\/\/lucky4.ee\/en\/kontakt\/","name":"Contact - Lucky 4 \u00e4rikvartal","isPartOf":{"@id":"https:\/\/lucky4.ee\/en\/#website"},"datePublished":"2017-02-13T13:27:42+00:00","dateModified":"2020-08-07T11:54:29+00:00","breadcrumb":{"@id":"https:\/\/lucky4.ee\/en\/kontakt\/#breadcrumb"},"inLanguage":"en-US","potentialAction":[{"@type":"ReadAction","target":["https:\/\/lucky4.ee\/en\/kontakt\/"]}]},{"@type":"BreadcrumbList","@id":"https:\/\/lucky4.ee\/en\/kontakt\/#breadcrumb","itemListElement":[{"@type":"ListItem","position":1,"name":"Home","item":"https:\/\/www.lucky4.ee\/en\/"},{"@type":"ListItem","position":2,"name":"Contact"}]},{"@type":"WebSite","@id":"https:\/\/lucky4.ee\/en\/#website","url":"https:\/\/lucky4.ee\/en\/","name":"Lucky 4 \u00e4rikvartal","description":"Ehitus on alanud!","publisher":{"@id":"https:\/\/lucky4.ee\/en\/#organization"},"potentialAction":[{"@type":"SearchAction","target":{"@type":"EntryPoint","urlTemplate":"https:\/\/lucky4.ee\/en\/?s={search_term_string}"},"query-input":{"@type":"PropertyValueSpecification","valueRequired":true,"valueName":"search_term_string"}}],"inLanguage":"en-US"},{"@type":"Organization","@id":"https:\/\/lucky4.ee\/en\/#organization","name":"Lucky 4 \u00e4rikvartal","url":"https:\/\/lucky4.ee\/en\/","logo":{"@type":"ImageObject","inLanguage":"en-US","@id":"https:\/\/lucky4.ee\/en\/#\/schema\/logo\/image\/","url":"https:\/\/lucky4.ee\/wp-content\/uploads\/2020\/02\/logo.png","contentUrl":"https:\/\/lucky4.ee\/wp-content\/uploads\/2020\/02\/logo.png","width":2127,"height":759,"caption":"Lucky 4 \u00e4rikvartal"},"image":{"@id":"https:\/\/lucky4.ee\/en\/#\/schema\/logo\/image\/"}}]}},"_links":{"self":[{"href":"https:\/\/lucky4.ee\/en\/wp-json\/wp\/v2\/pages\/668","targetHints":{"allow":["GET"]}}],"collection":[{"href":"https:\/\/lucky4.ee\/en\/wp-json\/wp\/v2\/pages"}],"about":[{"href":"https:\/\/lucky4.ee\/en\/wp-json\/wp\/v2\/types\/page"}],"author":[{"embeddable":true,"href":"https:\/\/lucky4.ee\/en\/wp-json\/wp\/v2\/users\/8"}],"replies":[{"embeddable":true,"href":"https:\/\/lucky4.ee\/en\/wp-json\/wp\/v2\/comments?post=668"}],"version-history":[{"count":0,"href":"https:\/\/lucky4.ee\/en\/wp-json\/wp\/v2\/pages\/668\/revisions"}],"wp:attachment":[{"href":"https:\/\/lucky4.ee\/en\/wp-json\/wp\/v2\/media?parent=668"}],"curies":[{"name":"wp","href":"https:\/\/api.w.org\/{rel}","templated":true}]}}